{"id":141,"date":"2021-05-12T11:38:43","date_gmt":"2021-05-12T11:38:43","guid":{"rendered":"http:\/\/itbrainbox.lt\/?page_id=141"},"modified":"2023-03-11T16:24:52","modified_gmt":"2023-03-11T16:24:52","slug":"contact","status":"publish","type":"page","link":"https:\/\/itbrainbox.lt\/?page_id=141","title":{"rendered":"Kontaktai"},"content":{"rendered":"\n<div class=\"wp-block-cover alignfull is-light has-parallax\" style=\"background-image:url(http:\/\/itbrainbox.lt\/wp-content\/uploads\/2022\/08\/artificial-intelligence1_Fotor-780x405-1.jpg);min-height:549px\"><span aria-hidden=\"true\" class=\"wp-block-cover__background has-ast-global-color-2-background-color has-background-dim-0 has-background-dim\"><\/span><div class=\"wp-block-cover__inner-container\">\n<h1 class=\"has-white-color has-text-color\">Kontaktai<\/h1>\n<\/div><\/div>\n\n\n\n<div class=\"inherit-container-width wp-container-5 wp-block-group alignfull has-ast-global-color-5-background-color has-background\"><div class=\"wp-block-group__inner-container\">\n<div class=\"wp-container-4 wp-block-columns alignwide\">\n<div class=\"wp-container-1 wp-block-column is-vertically-aligned-center\">\n<h2>Laukiame J\u016bs\u0173!<\/h2>\n\n\n\n<p>Chemijos g. 27C-62, LT-51332 Kaunas<\/p>\n\n\n\n<p>+370 687 10747<\/p>\n\n\n\n<p>linas@itbrainbox.lt<\/p>\n\n\n\n<p>\u012emon\u0117s kodas: 305862278<\/p>\n\n\n\n<p>PVM mok\u0117totojo kodas: LT100015091614<\/p>\n\n\n\n<p>AB SWEDBANK bankas<\/p>\n\n\n\n<p>LT217300010168907330<\/p>\n<\/div>\n\n\n\n<div class=\"wp-container-3 wp-block-column is-vertically-aligned-center\">\n<div class=\"inherit-container-width wp-container-2 wp-block-group has-ast-global-color-5-background-color has-background\"><div class=\"wp-block-group__inner-container\">\n<iframe src=\"https:\/\/www.google.com\/maps\/embed?pb=!1m18!1m12!1m3!1d2293.9771332295054!2d23.99787681610395!3d54.90332358033477!2m3!1f0!2f0!3f0!3m2!1i1024!2i768!4f13.1!3m3!1m2!1s0x46e71814397d6053%3A0xa5076b56d055d848!2sChemijos%20g.%2027C%2C%2051332%20Kaunas!5e0!3m2!1slt!2slt!4v1678551870297!5m2!1slt!2slt\" width=\"600\" height=\"450\" style=\"border:0;\" allowfullscreen=\"\" loading=\"lazy\" referrerpolicy=\"no-referrer-when-downgrade\"><\/iframe>\n<\/div><\/div>\n<\/div>\n<\/div>\n<\/div><\/div>\n","protected":false},"excerpt":{"rendered":"<p>Laukiame J\u016bs\u0173! Chemijos g. 27C-62, LT-51332 Kaunas +370 687 10747 linas@itbrainbox.lt \u012emon\u0117s kodas: 305862278 PVM mok\u0117totojo kodas: LT100015091614 AB SWEDBANK bankas LT217300010168907330<\/p>\n","protected":false},"author":1,"featured_media":0,"parent":0,"menu_order":0,"comment_status":"closed","ping_status":"closed","template":"","meta":{"om_disable_all_campaigns":false,"_monsterinsights_skip_tracking":false,"_monsterinsights_sitenote_active":false,"_monsterinsights_sitenote_note":"","_monsterinsights_sitenote_category":0,"site-sidebar-layout":"no-sidebar","site-content-layout":"plain-container","ast-global-header-display":"","ast-main-header-display":"","ast-hfb-above-header-display":"","ast-hfb-below-header-display":"","ast-hfb-mobile-header-display":"","site-post-title":"disabled","ast-breadcrumbs-content":"","ast-featured-img":"disabled","footer-sml-layout":"","theme-transparent-header-meta":"enabled","adv-header-id-meta":"","stick-header-meta":"","header-above-stick-meta":"","header-main-stick-meta":"","header-below-stick-meta":""},"_links":{"self":[{"href":"https:\/\/itbrainbox.lt\/index.php?rest_route=\/wp\/v2\/pages\/141"}],"collection":[{"href":"https:\/\/itbrainbox.lt\/index.php?rest_route=\/wp\/v2\/pages"}],"about":[{"href":"https:\/\/itbrainbox.lt\/index.php?rest_route=\/wp\/v2\/types\/page"}],"author":[{"embeddable":true,"href":"https:\/\/itbrainbox.lt\/index.php?rest_route=\/wp\/v2\/users\/1"}],"replies":[{"embeddable":true,"href":"https:\/\/itbrainbox.lt\/index.php?rest_route=%2Fwp%2Fv2%2Fcomments&post=141"}],"version-history":[{"count":19,"href":"https:\/\/itbrainbox.lt\/index.php?rest_route=\/wp\/v2\/pages\/141\/revisions"}],"predecessor-version":[{"id":626,"href":"https:\/\/itbrainbox.lt\/index.php?rest_route=\/wp\/v2\/pages\/141\/revisions\/626"}],"wp:attachment":[{"href":"https:\/\/itbrainbox.lt\/index.php?rest_route=%2Fwp%2Fv2%2Fmedia&parent=141"}],"curies":[{"name":"wp","href":"https:\/\/api.w.org\/{rel}","templated":true}]}}