{"id":139,"date":"2021-05-12T11:38:10","date_gmt":"2021-05-12T11:38:10","guid":{"rendered":"http:\/\/itbrainbox.lt\/?page_id=139"},"modified":"2023-03-11T18:08:12","modified_gmt":"2023-03-11T18:08:12","slug":"about-us","status":"publish","type":"page","link":"https:\/\/itbrainbox.lt\/?page_id=139","title":{"rendered":"Apie mus"},"content":{"rendered":"\n<div class=\"wp-block-cover alignfull is-light has-parallax\" style=\"background-image:url(http:\/\/itbrainbox.lt\/wp-content\/uploads\/2022\/08\/artificial-intelligence1_Fotor-780x405-1.jpg);min-height:549px\"><span aria-hidden=\"true\" class=\"wp-block-cover__background has-ast-global-color-2-background-color has-background-dim-0 has-background-dim\"><\/span><div class=\"wp-block-cover__inner-container\">\n<h1 class=\"has-white-color has-text-color\">Apie mus<\/h1>\n<\/div><\/div>\n\n\n\n<div class=\"inherit-container-width wp-container-1 wp-block-group alignfull has-ast-global-color-5-background-color has-background\"><div class=\"wp-block-group__inner-container\">\n<div class=\"wp-block-media-text alignwide is-stacked-on-mobile is-vertically-aligned-center\" style=\"grid-template-columns:35% auto\"><figure class=\"wp-block-media-text__media\"><img loading=\"lazy\" width=\"1024\" height=\"683\" src=\"http:\/\/itbrainbox.lt\/wp-content\/uploads\/2023\/03\/desk-gcbfbc65ce_1920-1024x683.jpg\" alt=\"\" class=\"wp-image-642 size-full\" srcset=\"https:\/\/itbrainbox.lt\/wp-content\/uploads\/2023\/03\/desk-gcbfbc65ce_1920-1024x683.jpg 1024w, https:\/\/itbrainbox.lt\/wp-content\/uploads\/2023\/03\/desk-gcbfbc65ce_1920-300x200.jpg 300w, https:\/\/itbrainbox.lt\/wp-content\/uploads\/2023\/03\/desk-gcbfbc65ce_1920-768x512.jpg 768w, https:\/\/itbrainbox.lt\/wp-content\/uploads\/2023\/03\/desk-gcbfbc65ce_1920-1536x1024.jpg 1536w, https:\/\/itbrainbox.lt\/wp-content\/uploads\/2023\/03\/desk-gcbfbc65ce_1920.jpg 1920w\" sizes=\"(max-width: 1024px) 100vw, 1024px\" \/><\/figure><div class=\"wp-block-media-text__content\">\n<p><strong><strong>Dirbame gamybos automatizavimos srityje. M\u016bs\u0173 specialistai pad\u0117s jums kuriant naujas sistemas arba modernizuojant esamas.<\/strong><\/strong> <\/p>\n\n\n\n<p><strong>Komandos nariai ir partneriai turi ilgamet\u0119 patirt\u012f dirbant su \u012fvairi\u0173 firm\u0173 valdikliais ir SCADA sistemomis. <\/strong><\/p>\n\n\n\n<p><strong>M\u016bs\u0173 klientai yra net tik Lietuvos, bet ir Latvijos, Baltarusijos (iki sankcij\u0173 \u012fvedimo) firmos.<\/strong><\/p>\n\n\n\n<p>Esate ne pramon\u0117s atstovas ir ie\u0161kote geriausi\u0173 svetain\u0117s dizaino, k\u016brimo ir rinkodaros paslaug\u0173, kad gal\u0117tum\u0117te pl\u0117sti savo versl\u0105 internete? M\u016bs\u0173 partneriai pasiruo\u0161\u0119 pad\u0117ti. Bendradarbiaujame su sertifikuot\u0173 ekspert\u0173 komanda, turin\u010dia did\u017eiul\u0119 \u017einiatinklio dizaino, k\u016brimo ir rinkodaros patirt\u012f.<\/p>\n\n\n\n<h3>M\u016bs\u0173 pagrindin\u0117s vertyb\u0117s<\/h3>\n\n\n\n<ul><li>Nuolat mokom\u0117s ir prisitaikome prie nauj\u0173 technologij\u0173<\/li><li>Operatyvi reakcija \u012f atsiradusias probelmas 24\/7<\/li><li>Mums r\u016bpi J\u016bs\u0173 verslas<\/li><\/ul>\n<\/div><\/div>\n<\/div><\/div>\n\n\n\n<div class=\"inherit-container-width wp-container-4 wp-block-group alignfull has-background\" style=\"background-color:#006ba1\"><div class=\"wp-block-group__inner-container\">\n<div class=\"wp-block-media-text alignwide has-media-on-the-right is-stacked-on-mobile has-background\" style=\"background-color:#006ba1;grid-template-columns:auto 66%\"><figure class=\"wp-block-media-text__media\"><img loading=\"lazy\" width=\"1024\" height=\"747\" src=\"http:\/\/itbrainbox.lt\/wp-content\/uploads\/2022\/08\/2022-08-01_10h00_50-1-1024x747.png\" alt=\"\" class=\"wp-image-484 size-full\" srcset=\"https:\/\/itbrainbox.lt\/wp-content\/uploads\/2022\/08\/2022-08-01_10h00_50-1-1024x747.png 1024w, https:\/\/itbrainbox.lt\/wp-content\/uploads\/2022\/08\/2022-08-01_10h00_50-1-300x219.png 300w, https:\/\/itbrainbox.lt\/wp-content\/uploads\/2022\/08\/2022-08-01_10h00_50-1-768x560.png 768w, https:\/\/itbrainbox.lt\/wp-content\/uploads\/2022\/08\/2022-08-01_10h00_50-1.png 1284w\" sizes=\"(max-width: 1024px) 100vw, 1024px\" \/><\/figure><div class=\"wp-block-media-text__content\">\n<div class=\"inherit-container-width wp-container-3 wp-block-group\"><div class=\"wp-block-group__inner-container\">\n<h3 class=\"has-ast-global-color-5-color has-text-color\">Reikalingas netipinis sprendimas?<\/h3>\n\n\n\n<p class=\"has-ast-global-color-5-color has-text-color\">Galime pad\u0117ti \u012fgyvendinti j\u016bs\u0173 id\u0117jas. Pakalb\u0117kime apie tai.<\/p>\n\n\n\n<div class=\"wp-container-2 wp-block-buttons\">\n<div class=\"wp-block-button is-style-outline\"><a class=\"wp-block-button__link has-ast-global-color-5-color has-text-color\" href=\"http:\/\/itbrainbox.lt\/?page_id=141\">Kreipkit\u0117s \u012f mus!<\/a><\/div>\n<\/div>\n<\/div><\/div>\n<\/div><\/div>\n<\/div><\/div>\n","protected":false},"excerpt":{"rendered":"<p>Dirbame gamybos automatizavimos srityje. M\u016bs\u0173 specialistai pad\u0117s jums kuriant naujas sistemas arba modernizuojant esamas. Komandos nariai ir partneriai turi ilgamet\u0119 patirt\u012f dirbant su \u012fvairi\u0173 firm\u0173 valdikliais ir SCADA sistemomis. M\u016bs\u0173 klientai yra net tik Lietuvos, bet ir Latvijos, Baltarusijos (iki sankcij\u0173 \u012fvedimo) firmos. Esate ne pramon\u0117s atstovas ir ie\u0161kote geriausi\u0173 svetain\u0117s dizaino, k\u016brimo ir rinkodaros &hellip;<\/p>\n<p class=\"read-more\"> <a class=\"\" href=\"https:\/\/itbrainbox.lt\/?page_id=139\"> <span class=\"screen-reader-text\">Apie mus<\/span> Read More &raquo;<\/a><\/p>\n","protected":false},"author":1,"featured_media":0,"parent":0,"menu_order":0,"comment_status":"closed","ping_status":"closed","template":"","meta":{"om_disable_all_campaigns":false,"_monsterinsights_skip_tracking":false,"_monsterinsights_sitenote_active":false,"_monsterinsights_sitenote_note":"","_monsterinsights_sitenote_category":0,"site-sidebar-layout":"no-sidebar","site-content-layout":"plain-container","ast-global-header-display":"","ast-main-header-display":"","ast-hfb-above-header-display":"","ast-hfb-below-header-display":"","ast-hfb-mobile-header-display":"","site-post-title":"disabled","ast-breadcrumbs-content":"","ast-featured-img":"disabled","footer-sml-layout":"","theme-transparent-header-meta":"enabled","adv-header-id-meta":"","stick-header-meta":"","header-above-stick-meta":"","header-main-stick-meta":"","header-below-stick-meta":""},"_links":{"self":[{"href":"https:\/\/itbrainbox.lt\/index.php?rest_route=\/wp\/v2\/pages\/139"}],"collection":[{"href":"https:\/\/itbrainbox.lt\/index.php?rest_route=\/wp\/v2\/pages"}],"about":[{"href":"https:\/\/itbrainbox.lt\/index.php?rest_route=\/wp\/v2\/types\/page"}],"author":[{"embeddable":true,"href":"https:\/\/itbrainbox.lt\/index.php?rest_route=\/wp\/v2\/users\/1"}],"replies":[{"embeddable":true,"href":"https:\/\/itbrainbox.lt\/index.php?rest_route=%2Fwp%2Fv2%2Fcomments&post=139"}],"version-history":[{"count":15,"href":"https:\/\/itbrainbox.lt\/index.php?rest_route=\/wp\/v2\/pages\/139\/revisions"}],"predecessor-version":[{"id":650,"href":"https:\/\/itbrainbox.lt\/index.php?rest_route=\/wp\/v2\/pages\/139\/revisions\/650"}],"wp:attachment":[{"href":"https:\/\/itbrainbox.lt\/index.php?rest_route=%2Fwp%2Fv2%2Fmedia&parent=139"}],"curies":[{"name":"wp","href":"https:\/\/api.w.org\/{rel}","templated":true}]}}