{"id":137,"date":"2021-05-12T11:37:28","date_gmt":"2021-05-12T11:37:28","guid":{"rendered":"http:\/\/itbrainbox.lt\/?page_id=137"},"modified":"2023-03-11T16:39:23","modified_gmt":"2023-03-11T16:39:23","slug":"services","status":"publish","type":"page","link":"https:\/\/itbrainbox.lt\/?page_id=137","title":{"rendered":"Paslaugos"},"content":{"rendered":"\n<div class=\"wp-block-cover alignfull is-light has-parallax\" style=\"background-image:url(http:\/\/itbrainbox.lt\/wp-content\/uploads\/2022\/08\/artificial-intelligence1_Fotor-780x405-1.jpg);min-height:546px\"><span aria-hidden=\"true\" class=\"wp-block-cover__background has-ast-global-color-2-background-color has-background-dim-0 has-background-dim\"><\/span><div class=\"wp-block-cover__inner-container\">\n<h1 class=\"has-white-color has-text-color\">Paslaugos<\/h1>\n<\/div><\/div>\n\n\n\n<div class=\"inherit-container-width wp-container-8 wp-block-group alignfull has-background\" style=\"background-color:#006ba1\"><div class=\"wp-block-group__inner-container\">\n<h2 class=\"has-text-align-left has-ast-global-color-5-color has-text-color\">Kaip mes galime Jums pad\u0117ti?<\/h2>\n\n\n\n<div class=\"wp-container-7 wp-block-columns\">\n<div class=\"wp-container-2 wp-block-column is-vertically-aligned-center\">\n<h4 class=\"has-ast-global-color-5-color has-text-color\">SCADA ir PLC programavimas<\/h4>\n\n\n\n<p class=\"has-ast-global-color-5-color has-text-color\">Kuriame SCADA sistemas bei programuojame PLC naudodami Siemens WinCC, STEP7, TIA Portal, ProTool, Wonderware Intouch, VTWin, Indusoft, IX Developer, Viejo Designer, NI Labview, Citect <\/p>\n\n\n\n<div class=\"wp-container-1 wp-block-buttons\">\n<div class=\"wp-block-button is-style-outline\"><a class=\"wp-block-button__link has-ast-global-color-5-color has-text-color\" href=\"http:\/\/itbrainbox.lt\/?page_id=141\">Kreipkit\u0117s \u012f mus!<\/a><\/div>\n<\/div>\n<\/div>\n\n\n\n<div class=\"wp-container-4 wp-block-column is-vertically-aligned-center\">\n<h4 class=\"has-ast-global-color-5-color has-text-color\">Duomen\u0173 perdavimas<\/h4>\n\n\n\n<p class=\"has-ast-global-color-5-color has-text-color\">Mini PLC (BECK, ICP) ir modem\u0173 (AUDIOTEL, SIERRA WIRELESS, GENEKO, ADVANTECH) programavimas duomenims rinkti (naudojant \u012fvairius protokolus, pvz. Modbus, M-Bus, MQTT) arba procesui valdyti .<\/p>\n\n\n\n<div class=\"wp-container-3 wp-block-buttons\">\n<div class=\"wp-block-button is-style-outline\"><a class=\"wp-block-button__link has-ast-global-color-5-color has-text-color\" href=\"http:\/\/itbrainbox.lt\/?page_id=141\">Kreipkit\u0117s \u012f mus!<\/a><\/div>\n<\/div>\n<\/div>\n\n\n\n<div class=\"wp-container-6 wp-block-column is-vertically-aligned-center\">\n<h4 class=\"has-ast-global-color-5-color has-text-color\">Mobili\u0173 aplikacij\u0173 k\u016brimas<\/h4>\n\n\n\n<p class=\"has-ast-global-color-5-color has-text-color\">Norite matyti savo \u012fmon\u0117s valdomo ar kuriamo proceso b\u016bsen\u0105 savo telefone? Turime \u012fvairi\u0173 sprendim\u0173 nuo pagrindini\u0173 parametr\u0173 atvaizdavimo iki proceso analiz\u0117s \u012franki\u0173. <\/p>\n\n\n\n<div class=\"wp-container-5 wp-block-buttons\">\n<div class=\"wp-block-button is-style-outline\"><a class=\"wp-block-button__link has-ast-global-color-5-color has-text-color\" href=\"http:\/\/itbrainbox.lt\/?page_id=141\">Kreipkit\u0117s \u012f mus!<\/a><\/div>\n<\/div>\n<\/div>\n<\/div>\n<\/div><\/div>\n\n\n\n<div class=\"inherit-container-width wp-container-11 wp-block-group alignfull has-ast-global-color-5-background-color has-background\"><div class=\"wp-block-group__inner-container\">\n<h2 class=\"has-text-align-center\"><a href=\"http:\/\/itbrainbox.lt\/?page_id=137\">Klientai, su kuriais dirbame<\/a><\/h2>\n\n\n\n<figure class=\"wp-container-10 wp-block-gallery-9 wp-block-gallery aligncenter has-nested-images columns-4\">\n<figure class=\"wp-block-image size-full\"><a href=\"https:\/\/allincontainer.eu\/\"><img loading=\"lazy\" width=\"238\" height=\"72\" src=\"https:\/\/itbrainbox.lt\/wp-content\/uploads\/2023\/03\/aic_logo-2.png\" alt=\"\" class=\"wp-image-604\"\/><\/a><\/figure>\n\n\n\n<figure class=\"wp-block-image size-large\"><a href=\"https:\/\/ardynas.lt\/\"><img loading=\"lazy\" width=\"249\" height=\"63\" src=\"https:\/\/itbrainbox.lt\/wp-content\/uploads\/2023\/03\/ardynas.jpg\" alt=\"\" class=\"wp-image-559\"\/><\/a><\/figure>\n\n\n\n<figure class=\"wp-block-image size-large\"><a href=\"http:\/\/www.asintega.lt\/\"><img loading=\"lazy\" width=\"322\" height=\"71\" src=\"https:\/\/itbrainbox.lt\/wp-content\/uploads\/2023\/03\/Asintega.gif\" alt=\"\" class=\"wp-image-568\"\/><\/a><\/figure>\n\n\n\n<figure class=\"wp-block-image size-large\"><a href=\"https:\/\/www.asistemos.lt\/lt\/\"><img loading=\"lazy\" width=\"251\" height=\"75\" src=\"https:\/\/itbrainbox.lt\/wp-content\/uploads\/2023\/03\/asistemos_logo_new_251x75.jpg\" alt=\"\" class=\"wp-image-555\"\/><\/a><\/figure>\n\n\n\n<figure class=\"wp-block-image size-full\"><a href=\"https:\/\/axiomaservice.com\/lt\"><img loading=\"lazy\" width=\"306\" height=\"119\" src=\"https:\/\/itbrainbox.lt\/wp-content\/uploads\/2023\/03\/AxiomaServisas.png\" alt=\"\" class=\"wp-image-571\" srcset=\"https:\/\/itbrainbox.lt\/wp-content\/uploads\/2023\/03\/AxiomaServisas.png 306w, https:\/\/itbrainbox.lt\/wp-content\/uploads\/2023\/03\/AxiomaServisas-300x117.png 300w\" sizes=\"(max-width: 306px) 100vw, 306px\" \/><\/a><\/figure>\n\n\n\n<figure class=\"wp-block-image size-large\"><a href=\"https:\/\/www.vandenys.lt\/\"><img loading=\"lazy\" width=\"281\" height=\"108\" src=\"https:\/\/itbrainbox.lt\/wp-content\/uploads\/2023\/03\/dzukijos-vandenys.png\" alt=\"\" class=\"wp-image-572\"\/><\/a><\/figure>\n\n\n\n<figure class=\"wp-block-image size-large\"><a href=\"https:\/\/www.elsis.lt\/\"><img loading=\"lazy\" width=\"210\" height=\"50\" src=\"https:\/\/itbrainbox.lt\/wp-content\/uploads\/2023\/03\/elsis.png\" alt=\"\" class=\"wp-image-553\"\/><\/a><\/figure>\n\n\n\n<figure class=\"wp-block-image size-large\"><a href=\"https:\/\/www.eltko.lt\/\"><img loading=\"lazy\" width=\"300\" height=\"148\" src=\"https:\/\/itbrainbox.lt\/wp-content\/uploads\/2023\/03\/eltko.png\" alt=\"\" class=\"wp-image-558\"\/><\/a><\/figure>\n\n\n\n<figure class=\"wp-block-image size-full\"><a href=\"http:\/\/www.foksita.lt\/\"><img loading=\"lazy\" width=\"548\" height=\"275\" src=\"https:\/\/itbrainbox.lt\/wp-content\/uploads\/2023\/03\/Foksita2.png\" alt=\"\" class=\"wp-image-602\" srcset=\"https:\/\/itbrainbox.lt\/wp-content\/uploads\/2023\/03\/Foksita2.png 548w, https:\/\/itbrainbox.lt\/wp-content\/uploads\/2023\/03\/Foksita2-300x151.png 300w\" sizes=\"(max-width: 548px) 100vw, 548px\" \/><\/a><\/figure>\n\n\n\n<figure class=\"wp-block-image size-full\"><a href=\"https:\/\/greengenius.com\/lt\/\"><img loading=\"lazy\" width=\"805\" height=\"257\" src=\"https:\/\/itbrainbox.lt\/wp-content\/uploads\/2023\/03\/green_genius.png\" alt=\"\" class=\"wp-image-606\" srcset=\"https:\/\/itbrainbox.lt\/wp-content\/uploads\/2023\/03\/green_genius.png 805w, https:\/\/itbrainbox.lt\/wp-content\/uploads\/2023\/03\/green_genius-300x96.png 300w, https:\/\/itbrainbox.lt\/wp-content\/uploads\/2023\/03\/green_genius-768x245.png 768w\" sizes=\"(max-width: 805px) 100vw, 805px\" \/><\/a><\/figure>\n\n\n\n<figure class=\"wp-block-image size-large\"><a href=\"http:\/\/www.grynerga.lt\/\"><img loading=\"lazy\" width=\"400\" height=\"112\" src=\"https:\/\/itbrainbox.lt\/wp-content\/uploads\/2023\/03\/Grynerga.png\" alt=\"\" class=\"wp-image-560\" srcset=\"https:\/\/itbrainbox.lt\/wp-content\/uploads\/2023\/03\/Grynerga.png 400w, https:\/\/itbrainbox.lt\/wp-content\/uploads\/2023\/03\/Grynerga-300x84.png 300w\" sizes=\"(max-width: 400px) 100vw, 400px\" \/><\/a><\/figure>\n\n\n\n<figure class=\"wp-block-image size-large\"><a href=\"https:\/\/www.jonavosst.lt\/\"><img loading=\"lazy\" width=\"787\" height=\"100\" src=\"https:\/\/itbrainbox.lt\/wp-content\/uploads\/2023\/03\/jss-logo.jpg\" alt=\"\" class=\"wp-image-562\" srcset=\"https:\/\/itbrainbox.lt\/wp-content\/uploads\/2023\/03\/jss-logo.jpg 787w, https:\/\/itbrainbox.lt\/wp-content\/uploads\/2023\/03\/jss-logo-300x38.jpg 300w, https:\/\/itbrainbox.lt\/wp-content\/uploads\/2023\/03\/jss-logo-768x98.jpg 768w\" sizes=\"(max-width: 787px) 100vw, 787px\" \/><\/a><\/figure>\n\n\n\n<figure class=\"wp-block-image size-large\"><a href=\"http:\/\/www.jumana.lt\/\"><img loading=\"lazy\" width=\"1024\" height=\"345\" src=\"https:\/\/itbrainbox.lt\/wp-content\/uploads\/2023\/03\/Jumana-1024x345.jpg\" alt=\"\" class=\"wp-image-557\" srcset=\"https:\/\/itbrainbox.lt\/wp-content\/uploads\/2023\/03\/Jumana-1024x345.jpg 1024w, https:\/\/itbrainbox.lt\/wp-content\/uploads\/2023\/03\/Jumana-300x101.jpg 300w, https:\/\/itbrainbox.lt\/wp-content\/uploads\/2023\/03\/Jumana-768x259.jpg 768w, https:\/\/itbrainbox.lt\/wp-content\/uploads\/2023\/03\/Jumana.jpg 1117w\" sizes=\"(max-width: 1024px) 100vw, 1024px\" \/><\/a><\/figure>\n\n\n\n<figure class=\"wp-block-image size-full\"><a href=\"https:\/\/www.kalvis.lt\/\"><img loading=\"lazy\" width=\"299\" height=\"142\" src=\"https:\/\/itbrainbox.lt\/wp-content\/uploads\/2023\/03\/Kalvis-1.png\" alt=\"\" class=\"wp-image-573\"\/><\/a><\/figure>\n\n\n\n<figure class=\"wp-block-image size-full\"><a href=\"https:\/\/www.kaunovandenys.lt\/\"><img loading=\"lazy\" width=\"233\" height=\"100\" src=\"https:\/\/itbrainbox.lt\/wp-content\/uploads\/2023\/03\/KaunoVandenys-2.png\" alt=\"\" class=\"wp-image-600\"\/><\/a><\/figure>\n\n\n\n<figure class=\"wp-block-image size-large\"><a href=\"https:\/\/kietaviskiu.lt\/\"><img loading=\"lazy\" width=\"338\" height=\"152\" src=\"https:\/\/itbrainbox.lt\/wp-content\/uploads\/2023\/03\/kietaviskiu_gausa.png\" alt=\"\" class=\"wp-image-566\" srcset=\"https:\/\/itbrainbox.lt\/wp-content\/uploads\/2023\/03\/kietaviskiu_gausa.png 338w, https:\/\/itbrainbox.lt\/wp-content\/uploads\/2023\/03\/kietaviskiu_gausa-300x135.png 300w\" sizes=\"(max-width: 338px) 100vw, 338px\" \/><\/a><\/figure>\n\n\n\n<figure class=\"wp-block-image size-large\"><a href=\"https:\/\/mestilla.lt\/\"><img src=\"https:\/\/itbrainbox.lt\/wp-content\/uploads\/2023\/03\/Mestilla.svg\" alt=\"\" class=\"wp-image-567\"\/><\/a><\/figure>\n\n\n\n<figure class=\"wp-block-image size-large\"><a href=\"https:\/\/www.siemtecha.lt\/\"><img loading=\"lazy\" width=\"174\" height=\"53\" src=\"https:\/\/itbrainbox.lt\/wp-content\/uploads\/2023\/03\/Siemtecha.png\" alt=\"\" class=\"wp-image-574\"\/><\/a><\/figure>\n\n\n\n<figure class=\"wp-block-image size-large\"><a href=\"https:\/\/silutesst.lt\/\"><img loading=\"lazy\" width=\"166\" height=\"100\" src=\"https:\/\/itbrainbox.lt\/wp-content\/uploads\/2023\/03\/silutes_st.png\" alt=\"\" class=\"wp-image-564\"\/><\/a><\/figure>\n\n\n\n<figure class=\"wp-block-image size-large\"><a href=\"http:\/\/zenergija.lt\/\"><img loading=\"lazy\" width=\"185\" height=\"99\" src=\"https:\/\/itbrainbox.lt\/wp-content\/uploads\/2023\/03\/Zemaitijos-energija-UAB-2.png\" alt=\"\" class=\"wp-image-563\"\/><\/a><\/figure>\n\n\n\n<figure class=\"wp-block-image size-large\"><a href=\"https:\/\/www.rigasenergija.lv\/\"><img loading=\"lazy\" width=\"187\" height=\"87\" src=\"https:\/\/itbrainbox.lt\/wp-content\/uploads\/2023\/03\/rigas_energija.png\" alt=\"\" class=\"wp-image-608\"\/><\/a><\/figure>\n\n\n\n<figure class=\"wp-block-image size-large\"><img loading=\"lazy\" width=\"187\" height=\"87\" src=\"https:\/\/itbrainbox.lt\/wp-content\/uploads\/2023\/03\/empty_1.png\" alt=\"\" class=\"wp-image-611\"\/><\/figure>\n\n\n\n<figure class=\"wp-block-image size-large\"><img loading=\"lazy\" width=\"187\" height=\"87\" src=\"https:\/\/itbrainbox.lt\/wp-content\/uploads\/2023\/03\/empty_1-1.png\" alt=\"\" class=\"wp-image-613\"\/><\/figure>\n\n\n\n<figure class=\"wp-block-image size-large\"><img loading=\"lazy\" width=\"187\" height=\"87\" src=\"https:\/\/itbrainbox.lt\/wp-content\/uploads\/2023\/03\/empty_1-2.png\" alt=\"\" class=\"wp-image-614\"\/><\/figure>\n<\/figure>\n<\/div><\/div>\n\n\n\n<div class=\"inherit-container-width wp-container-14 wp-block-group alignfull has-background\" style=\"background-color:#006ba1\"><div class=\"wp-block-group__inner-container\">\n<div class=\"wp-block-media-text alignwide has-media-on-the-right is-stacked-on-mobile has-background\" style=\"background-color:#006ba1;grid-template-columns:auto 66%\"><figure class=\"wp-block-media-text__media\"><img loading=\"lazy\" width=\"1024\" height=\"688\" src=\"http:\/\/itbrainbox.lt\/wp-content\/uploads\/2022\/08\/2022-08-01_10h15_07-1024x688.png\" alt=\"\" class=\"wp-image-480 size-full\" srcset=\"https:\/\/itbrainbox.lt\/wp-content\/uploads\/2022\/08\/2022-08-01_10h15_07-1024x688.png 1024w, https:\/\/itbrainbox.lt\/wp-content\/uploads\/2022\/08\/2022-08-01_10h15_07-300x202.png 300w, https:\/\/itbrainbox.lt\/wp-content\/uploads\/2022\/08\/2022-08-01_10h15_07-768x516.png 768w, https:\/\/itbrainbox.lt\/wp-content\/uploads\/2022\/08\/2022-08-01_10h15_07.png 1400w\" sizes=\"(max-width: 1024px) 100vw, 1024px\" \/><\/figure><div class=\"wp-block-media-text__content\">\n<div class=\"inherit-container-width wp-container-13 wp-block-group\"><div class=\"wp-block-group__inner-container\">\n<h3 class=\"has-ast-global-color-5-color has-text-color\">Reikalingas netipinis sprendimas?<\/h3>\n\n\n\n<p class=\"has-ast-global-color-5-color has-text-color\">Galime pad\u0117ti \u012fgyvendinti j\u016bs\u0173 id\u0117jas. Pakalb\u0117kime apie tai.<\/p>\n\n\n\n<div class=\"wp-container-12 wp-block-buttons\">\n<div class=\"wp-block-button is-style-outline\"><a class=\"wp-block-button__link has-ast-global-color-5-color has-text-color\" href=\"http:\/\/itbrainbox.lt\/?page_id=141\">Kreipkit\u0117s \u012f mus!<\/a><\/div>\n<\/div>\n<\/div><\/div>\n<\/div><\/div>\n<\/div><\/div>\n","protected":false},"excerpt":{"rendered":"<p>Kaip mes galime Jums pad\u0117ti? SCADA ir PLC programavimas Kuriame SCADA sistemas bei programuojame PLC naudodami Siemens WinCC, STEP7, TIA Portal, ProTool, Wonderware Intouch, VTWin, Indusoft, IX Developer, Viejo Designer, NI Labview, Citect Duomen\u0173 perdavimas Mini PLC (BECK, ICP) ir modem\u0173 (AUDIOTEL, SIERRA WIRELESS, GENEKO, ADVANTECH) programavimas duomenims rinkti (naudojant \u012fvairius protokolus, pvz. Modbus, M-Bus, &hellip;<\/p>\n<p class=\"read-more\"> <a class=\"\" href=\"https:\/\/itbrainbox.lt\/?page_id=137\"> <span class=\"screen-reader-text\">Paslaugos<\/span> Read More &raquo;<\/a><\/p>\n","protected":false},"author":1,"featured_media":0,"parent":0,"menu_order":0,"comment_status":"closed","ping_status":"closed","template":"","meta":{"om_disable_all_campaigns":false,"_monsterinsights_skip_tracking":false,"_monsterinsights_sitenote_active":false,"_monsterinsights_sitenote_note":"","_monsterinsights_sitenote_category":0,"site-sidebar-layout":"no-sidebar","site-content-layout":"plain-container","ast-global-header-display":"","ast-main-header-display":"","ast-hfb-above-header-display":"","ast-hfb-below-header-display":"","ast-hfb-mobile-header-display":"","site-post-title":"disabled","ast-breadcrumbs-content":"","ast-featured-img":"disabled","footer-sml-layout":"","theme-transparent-header-meta":"enabled","adv-header-id-meta":"","stick-header-meta":"","header-above-stick-meta":"","header-main-stick-meta":"","header-below-stick-meta":""},"_links":{"self":[{"href":"https:\/\/itbrainbox.lt\/index.php?rest_route=\/wp\/v2\/pages\/137"}],"collection":[{"href":"https:\/\/itbrainbox.lt\/index.php?rest_route=\/wp\/v2\/pages"}],"about":[{"href":"https:\/\/itbrainbox.lt\/index.php?rest_route=\/wp\/v2\/types\/page"}],"author":[{"embeddable":true,"href":"https:\/\/itbrainbox.lt\/index.php?rest_route=\/wp\/v2\/users\/1"}],"replies":[{"embeddable":true,"href":"https:\/\/itbrainbox.lt\/index.php?rest_route=%2Fwp%2Fv2%2Fcomments&post=137"}],"version-history":[{"count":17,"href":"https:\/\/itbrainbox.lt\/index.php?rest_route=\/wp\/v2\/pages\/137\/revisions"}],"predecessor-version":[{"id":633,"href":"https:\/\/itbrainbox.lt\/index.php?rest_route=\/wp\/v2\/pages\/137\/revisions\/633"}],"wp:attachment":[{"href":"https:\/\/itbrainbox.lt\/index.php?rest_route=%2Fwp%2Fv2%2Fmedia&parent=137"}],"curies":[{"name":"wp","href":"https:\/\/api.w.org\/{rel}","templated":true}]}}