{"id":135,"date":"2021-05-12T11:36:55","date_gmt":"2021-05-12T11:36:55","guid":{"rendered":"http:\/\/itbrainbox.lt\/?page_id=135"},"modified":"2023-03-11T16:51:37","modified_gmt":"2023-03-11T16:51:37","slug":"home","status":"publish","type":"page","link":"https:\/\/itbrainbox.lt\/","title":{"rendered":"IT BrainBox"},"content":{"rendered":"\n<div class=\"wp-block-cover alignfull is-light has-parallax\" style=\"background-image:url(http:\/\/itbrainbox.lt\/wp-content\/uploads\/2022\/08\/artificial-intelligence1_Fotor-780x405-1.jpg);min-height:966px\"><span aria-hidden=\"true\" class=\"wp-block-cover__background has-ast-global-color-2-background-color has-background-dim-0 has-background-dim\"><\/span><div class=\"wp-block-cover__inner-container\">\n<h1 class=\"has-text-align-left has-white-color has-text-color\">J\u016bs\u0173 id\u0117ja &#8211; m\u016bs\u0173 sprendimas<\/h1>\n\n\n\n<p class=\"has-ast-global-color-5-color has-text-color\">IT BrainBox. M\u016bs\u0173 smegenys dirba tam, kad gautum\u0117te tobul\u0105 sprendim\u0105, supakuot\u0105 d\u0117\u017eut\u0117je.<\/p>\n<\/div><\/div>\n\n\n\n<div class=\"inherit-container-width wp-container-5 wp-block-group alignfull has-ast-global-color-5-background-color has-background\"><div class=\"wp-block-group__inner-container\">\n<h2>M\u016bs\u0173 veiklos sritys<\/h2>\n\n\n\n<div class=\"wp-container-4 wp-block-columns\">\n<div class=\"wp-container-1 wp-block-column\">\n<h4>SCADA ir PLC programavimas<\/h4>\n\n\n\n<p>\u012evairus spektras naudojam\u0173 SCADA sistem\u0173 ir PLC programavimo platform\u0173.<\/p>\n<\/div>\n\n\n\n<div class=\"wp-container-2 wp-block-column\">\n<h4>Duomen\u0173 perdavimas<\/h4>\n\n\n\n<p>Pasi\u016blysime sprendim\u0105 duomen\u0173 nuskaitymui i\u0161 \u012fv. \u012frangos ir perdavimui \u012f J\u016bs\u0173 tinkl\u0105 ar Cloud.<\/p>\n<\/div>\n\n\n\n<div class=\"wp-container-3 wp-block-column is-vertically-aligned-center\">\n<h4>Mobili\u0173 aplikacij\u0173 k\u016brimas<\/h4>\n\n\n\n<p>Gal\u0117site steb\u0117ti savo \u012fmon\u0117s valdomo ar kuriamo proceso b\u016bsen\u0105 savo telefone arba plan\u0161et\u0117je.<\/p>\n<\/div>\n<\/div>\n<\/div><\/div>\n\n\n\n<div class=\"inherit-container-width wp-container-6 wp-block-group alignfull has-background\" style=\"background-color:#006ba1\"><div class=\"wp-block-group__inner-container\">\n<div class=\"wp-block-media-text alignwide has-media-on-the-right is-stacked-on-mobile has-background\" style=\"background-color:#006ba1;grid-template-columns:auto 40%\"><figure class=\"wp-block-media-text__media\"><img loading=\"lazy\" width=\"1024\" height=\"973\" src=\"http:\/\/itbrainbox.lt\/wp-content\/uploads\/2022\/08\/code-geek-talk-code-to-me-coffee-cup-2680204-1024x973.png\" alt=\"code geek, talk code to me, coffee cup-2680204.jpg\" class=\"wp-image-487 size-full\" srcset=\"https:\/\/itbrainbox.lt\/wp-content\/uploads\/2022\/08\/code-geek-talk-code-to-me-coffee-cup-2680204-1024x973.png 1024w, https:\/\/itbrainbox.lt\/wp-content\/uploads\/2022\/08\/code-geek-talk-code-to-me-coffee-cup-2680204-300x285.png 300w, https:\/\/itbrainbox.lt\/wp-content\/uploads\/2022\/08\/code-geek-talk-code-to-me-coffee-cup-2680204-768x730.png 768w, https:\/\/itbrainbox.lt\/wp-content\/uploads\/2022\/08\/code-geek-talk-code-to-me-coffee-cup-2680204.png 1280w\" sizes=\"(max-width: 1024px) 100vw, 1024px\" \/><\/figure><div class=\"wp-block-media-text__content\">\n<h2 class=\"has-ast-global-color-5-color has-text-color\">Apie mus<\/h2>\n\n\n\n<p class=\"has-ast-global-color-5-color has-text-color\">M\u016bs\u0173 komandos nariai ir partmeriai turi ilgamet\u0119 patirt\u012f dirbant su \u012fvairi\u0173 firm\u0173 SCADA sistemomis ir valdikliais.<\/p>\n\n\n\n<h4 class=\"has-ast-global-color-5-color has-text-color\">Misija<\/h4>\n\n\n\n<p class=\"has-ast-global-color-5-color has-text-color\">M\u016bs\u0173 misija yra sukurti klientams \u012frankius, padedan\u010dius maksimaliai i\u0161naudoti savo verslo potencial\u0105 ir galimybes, teikiant prieinamus, efektyvius, individualius sprendimus.<\/p>\n\n\n\n<h4 class=\"has-ast-global-color-5-color has-text-color\">Vizija<\/h4>\n\n\n\n<p class=\"has-ast-global-color-5-color has-text-color\">M\u016bs\u0173 vizija yra tapti vienu i\u0161 rinkos lyderi\u0173, teikian\u010diu geriausias paslaugas, siekiant pagerinti m\u016bs\u0173 klient\u0173 produktyvum\u0105 ir verslo potencial\u0105.<\/p>\n<\/div><\/div>\n<\/div><\/div>\n\n\n\n<div class=\"inherit-container-width wp-container-9 wp-block-group alignfull has-ast-global-color-5-background-color has-background\"><div class=\"wp-block-group__inner-container\">\n<h2 class=\"has-text-align-center\"><a href=\"http:\/\/itbrainbox.lt\/?page_id=137\">Klientai, su kuriais dirbame<\/a><\/h2>\n\n\n\n<figure class=\"wp-container-8 wp-block-gallery-7 wp-block-gallery aligncenter has-nested-images columns-4\">\n<figure class=\"wp-block-image size-full\"><a href=\"https:\/\/allincontainer.eu\/\"><img loading=\"lazy\" width=\"238\" height=\"72\" src=\"https:\/\/itbrainbox.lt\/wp-content\/uploads\/2023\/03\/aic_logo-2.png\" alt=\"\" class=\"wp-image-604\"\/><\/a><\/figure>\n\n\n\n<figure class=\"wp-block-image size-large\"><a href=\"https:\/\/ardynas.lt\/\"><img loading=\"lazy\" width=\"249\" height=\"63\" src=\"https:\/\/itbrainbox.lt\/wp-content\/uploads\/2023\/03\/ardynas.jpg\" alt=\"\" class=\"wp-image-559\"\/><\/a><\/figure>\n\n\n\n<figure class=\"wp-block-image size-large\"><a href=\"http:\/\/www.asintega.lt\/\"><img loading=\"lazy\" width=\"322\" height=\"71\" src=\"https:\/\/itbrainbox.lt\/wp-content\/uploads\/2023\/03\/Asintega.gif\" alt=\"\" class=\"wp-image-568\"\/><\/a><\/figure>\n\n\n\n<figure class=\"wp-block-image size-large\"><a href=\"https:\/\/www.asistemos.lt\/lt\/\"><img loading=\"lazy\" width=\"251\" height=\"75\" src=\"https:\/\/itbrainbox.lt\/wp-content\/uploads\/2023\/03\/asistemos_logo_new_251x75.jpg\" alt=\"\" class=\"wp-image-555\"\/><\/a><\/figure>\n\n\n\n<figure class=\"wp-block-image size-full\"><a href=\"https:\/\/axiomaservice.com\/lt\"><img loading=\"lazy\" width=\"306\" height=\"119\" src=\"https:\/\/itbrainbox.lt\/wp-content\/uploads\/2023\/03\/AxiomaServisas.png\" alt=\"\" class=\"wp-image-571\" srcset=\"https:\/\/itbrainbox.lt\/wp-content\/uploads\/2023\/03\/AxiomaServisas.png 306w, https:\/\/itbrainbox.lt\/wp-content\/uploads\/2023\/03\/AxiomaServisas-300x117.png 300w\" sizes=\"(max-width: 306px) 100vw, 306px\" \/><\/a><\/figure>\n\n\n\n<figure class=\"wp-block-image size-large\"><a href=\"https:\/\/www.vandenys.lt\/\"><img loading=\"lazy\" width=\"281\" height=\"108\" src=\"https:\/\/itbrainbox.lt\/wp-content\/uploads\/2023\/03\/dzukijos-vandenys.png\" alt=\"\" class=\"wp-image-572\"\/><\/a><\/figure>\n\n\n\n<figure class=\"wp-block-image size-large\"><a href=\"https:\/\/www.elsis.lt\/\"><img loading=\"lazy\" width=\"210\" height=\"50\" src=\"https:\/\/itbrainbox.lt\/wp-content\/uploads\/2023\/03\/elsis.png\" alt=\"\" class=\"wp-image-553\"\/><\/a><\/figure>\n\n\n\n<figure class=\"wp-block-image size-large\"><a href=\"https:\/\/www.eltko.lt\/\"><img loading=\"lazy\" width=\"300\" height=\"148\" src=\"https:\/\/itbrainbox.lt\/wp-content\/uploads\/2023\/03\/eltko.png\" alt=\"\" class=\"wp-image-558\"\/><\/a><\/figure>\n\n\n\n<figure class=\"wp-block-image size-full\"><a href=\"http:\/\/www.foksita.lt\/\"><img loading=\"lazy\" width=\"548\" height=\"275\" src=\"https:\/\/itbrainbox.lt\/wp-content\/uploads\/2023\/03\/Foksita2.png\" alt=\"\" class=\"wp-image-602\" srcset=\"https:\/\/itbrainbox.lt\/wp-content\/uploads\/2023\/03\/Foksita2.png 548w, https:\/\/itbrainbox.lt\/wp-content\/uploads\/2023\/03\/Foksita2-300x151.png 300w\" sizes=\"(max-width: 548px) 100vw, 548px\" \/><\/a><\/figure>\n\n\n\n<figure class=\"wp-block-image size-full\"><a href=\"https:\/\/greengenius.com\/lt\/\"><img loading=\"lazy\" width=\"805\" height=\"257\" src=\"https:\/\/itbrainbox.lt\/wp-content\/uploads\/2023\/03\/green_genius.png\" alt=\"\" class=\"wp-image-606\" srcset=\"https:\/\/itbrainbox.lt\/wp-content\/uploads\/2023\/03\/green_genius.png 805w, https:\/\/itbrainbox.lt\/wp-content\/uploads\/2023\/03\/green_genius-300x96.png 300w, https:\/\/itbrainbox.lt\/wp-content\/uploads\/2023\/03\/green_genius-768x245.png 768w\" sizes=\"(max-width: 805px) 100vw, 805px\" \/><\/a><\/figure>\n\n\n\n<figure class=\"wp-block-image size-large\"><a href=\"http:\/\/www.grynerga.lt\/\"><img loading=\"lazy\" width=\"400\" height=\"112\" src=\"https:\/\/itbrainbox.lt\/wp-content\/uploads\/2023\/03\/Grynerga.png\" alt=\"\" class=\"wp-image-560\" srcset=\"https:\/\/itbrainbox.lt\/wp-content\/uploads\/2023\/03\/Grynerga.png 400w, https:\/\/itbrainbox.lt\/wp-content\/uploads\/2023\/03\/Grynerga-300x84.png 300w\" sizes=\"(max-width: 400px) 100vw, 400px\" \/><\/a><\/figure>\n\n\n\n<figure class=\"wp-block-image size-large\"><a href=\"https:\/\/www.jonavosst.lt\/\"><img loading=\"lazy\" width=\"787\" height=\"100\" src=\"https:\/\/itbrainbox.lt\/wp-content\/uploads\/2023\/03\/jss-logo.jpg\" alt=\"\" class=\"wp-image-562\" srcset=\"https:\/\/itbrainbox.lt\/wp-content\/uploads\/2023\/03\/jss-logo.jpg 787w, https:\/\/itbrainbox.lt\/wp-content\/uploads\/2023\/03\/jss-logo-300x38.jpg 300w, https:\/\/itbrainbox.lt\/wp-content\/uploads\/2023\/03\/jss-logo-768x98.jpg 768w\" sizes=\"(max-width: 787px) 100vw, 787px\" \/><\/a><\/figure>\n\n\n\n<figure class=\"wp-block-image size-large\"><a href=\"http:\/\/www.jumana.lt\/\"><img loading=\"lazy\" width=\"1024\" height=\"345\" src=\"https:\/\/itbrainbox.lt\/wp-content\/uploads\/2023\/03\/Jumana-1024x345.jpg\" alt=\"\" class=\"wp-image-557\" srcset=\"https:\/\/itbrainbox.lt\/wp-content\/uploads\/2023\/03\/Jumana-1024x345.jpg 1024w, https:\/\/itbrainbox.lt\/wp-content\/uploads\/2023\/03\/Jumana-300x101.jpg 300w, https:\/\/itbrainbox.lt\/wp-content\/uploads\/2023\/03\/Jumana-768x259.jpg 768w, https:\/\/itbrainbox.lt\/wp-content\/uploads\/2023\/03\/Jumana.jpg 1117w\" sizes=\"(max-width: 1024px) 100vw, 1024px\" \/><\/a><\/figure>\n\n\n\n<figure class=\"wp-block-image size-full\"><a href=\"https:\/\/www.kalvis.lt\/\"><img loading=\"lazy\" width=\"299\" height=\"142\" src=\"https:\/\/itbrainbox.lt\/wp-content\/uploads\/2023\/03\/Kalvis-1.png\" alt=\"\" class=\"wp-image-573\"\/><\/a><\/figure>\n\n\n\n<figure class=\"wp-block-image size-full\"><a href=\"https:\/\/www.kaunovandenys.lt\/\"><img loading=\"lazy\" width=\"233\" height=\"100\" src=\"https:\/\/itbrainbox.lt\/wp-content\/uploads\/2023\/03\/KaunoVandenys-2.png\" alt=\"\" class=\"wp-image-600\"\/><\/a><\/figure>\n\n\n\n<figure class=\"wp-block-image size-large\"><a href=\"https:\/\/kietaviskiu.lt\/\"><img loading=\"lazy\" width=\"338\" height=\"152\" src=\"https:\/\/itbrainbox.lt\/wp-content\/uploads\/2023\/03\/kietaviskiu_gausa.png\" alt=\"\" class=\"wp-image-566\" srcset=\"https:\/\/itbrainbox.lt\/wp-content\/uploads\/2023\/03\/kietaviskiu_gausa.png 338w, https:\/\/itbrainbox.lt\/wp-content\/uploads\/2023\/03\/kietaviskiu_gausa-300x135.png 300w\" sizes=\"(max-width: 338px) 100vw, 338px\" \/><\/a><\/figure>\n\n\n\n<figure class=\"wp-block-image size-large\"><a href=\"https:\/\/mestilla.lt\/\"><img src=\"https:\/\/itbrainbox.lt\/wp-content\/uploads\/2023\/03\/Mestilla.svg\" alt=\"\" class=\"wp-image-567\"\/><\/a><\/figure>\n\n\n\n<figure class=\"wp-block-image size-large\"><a href=\"https:\/\/www.siemtecha.lt\/\"><img loading=\"lazy\" width=\"174\" height=\"53\" src=\"https:\/\/itbrainbox.lt\/wp-content\/uploads\/2023\/03\/Siemtecha.png\" alt=\"\" class=\"wp-image-574\"\/><\/a><\/figure>\n\n\n\n<figure class=\"wp-block-image size-large\"><a href=\"https:\/\/silutesst.lt\/\"><img loading=\"lazy\" width=\"166\" height=\"100\" src=\"https:\/\/itbrainbox.lt\/wp-content\/uploads\/2023\/03\/silutes_st.png\" alt=\"\" class=\"wp-image-564\"\/><\/a><\/figure>\n\n\n\n<figure class=\"wp-block-image size-large\"><a href=\"http:\/\/zenergija.lt\/\"><img loading=\"lazy\" width=\"185\" height=\"99\" src=\"https:\/\/itbrainbox.lt\/wp-content\/uploads\/2023\/03\/Zemaitijos-energija-UAB-2.png\" alt=\"\" class=\"wp-image-563\"\/><\/a><\/figure>\n\n\n\n<figure class=\"wp-block-image size-large\"><a href=\"https:\/\/www.rigasenergija.lv\/\"><img loading=\"lazy\" width=\"187\" height=\"87\" src=\"https:\/\/itbrainbox.lt\/wp-content\/uploads\/2023\/03\/rigas_energija.png\" alt=\"\" class=\"wp-image-608\"\/><\/a><\/figure>\n\n\n\n<figure class=\"wp-block-image size-large\"><img loading=\"lazy\" width=\"187\" height=\"87\" src=\"https:\/\/itbrainbox.lt\/wp-content\/uploads\/2023\/03\/empty_1.png\" alt=\"\" class=\"wp-image-611\"\/><\/figure>\n\n\n\n<figure class=\"wp-block-image size-large\"><img loading=\"lazy\" width=\"187\" height=\"87\" src=\"https:\/\/itbrainbox.lt\/wp-content\/uploads\/2023\/03\/empty_1-1.png\" alt=\"\" class=\"wp-image-613\"\/><\/figure>\n\n\n\n<figure class=\"wp-block-image size-large\"><img loading=\"lazy\" width=\"187\" height=\"87\" src=\"https:\/\/itbrainbox.lt\/wp-content\/uploads\/2023\/03\/empty_1-2.png\" alt=\"\" class=\"wp-image-614\"\/><\/figure>\n<\/figure>\n<\/div><\/div>\n\n\n\n<div class=\"inherit-container-width wp-container-10 wp-block-group alignfull has-background\" style=\"background-color:#006ba1\"><div class=\"wp-block-group__inner-container\">\n<h2 class=\"has-text-align-left has-ast-global-color-5-color has-text-color\">Kod\u0117l rinktis mus?<\/h2>\n\n\n\n<p class=\"has-ast-global-color-5-color has-text-color\"><strong>Mes esame tinkamas sprendimas J\u016bs\u0173 verslui. Turime patirties ir \u017eini\u0173, kad gal\u0117tume pasi\u016blyti konsultacijas ir paslaugas u\u017e s\u0105\u017eining\u0105 kain\u0105.<\/strong><\/p>\n\n\n\n<p class=\"has-ast-global-color-5-color has-text-color\">\u012esiklausome \u012f klient\u0173 pageidavimus ir parenkame tinkamiausi\u0105 sprendim\u0105. Mes r\u016bpinam\u0117s J\u016bs\u0173 verslu kaip savo, nuo\u0161ird\u017eiai juo domim\u0117s ir norime pad\u0117ti J\u016bs\u0173 \u012fmonei i\u0161naudoti savo potencial\u0105.<\/p>\n<\/div><\/div>\n\n\n\n<div class=\"inherit-container-width wp-container-13 wp-block-group alignfull has-ast-global-color-5-background-color has-background\"><div class=\"wp-block-group__inner-container\">\n<div class=\"wp-block-media-text alignwide has-media-on-the-right is-stacked-on-mobile has-ast-global-color-5-background-color has-background\" style=\"grid-template-columns:auto 66%\"><figure class=\"wp-block-media-text__media\"><img loading=\"lazy\" width=\"1024\" height=\"682\" src=\"http:\/\/itbrainbox.lt\/wp-content\/uploads\/2022\/08\/code-programming-hacking-820275-1024x682.jpg\" alt=\"code, programming, hacking-820275.jpg\" class=\"wp-image-498 size-full\" srcset=\"https:\/\/itbrainbox.lt\/wp-content\/uploads\/2022\/08\/code-programming-hacking-820275-1024x682.jpg 1024w, https:\/\/itbrainbox.lt\/wp-content\/uploads\/2022\/08\/code-programming-hacking-820275-300x200.jpg 300w, https:\/\/itbrainbox.lt\/wp-content\/uploads\/2022\/08\/code-programming-hacking-820275-768x512.jpg 768w, https:\/\/itbrainbox.lt\/wp-content\/uploads\/2022\/08\/code-programming-hacking-820275.jpg 1280w\" sizes=\"(max-width: 1024px) 100vw, 1024px\" \/><\/figure><div class=\"wp-block-media-text__content\">\n<div class=\"inherit-container-width wp-container-12 wp-block-group\"><div class=\"wp-block-group__inner-container\">\n<h3>Reikalingas netipinis sprendimas?<\/h3>\n\n\n\n<p>Galime pad\u0117ti \u012fgyvendinti j\u016bs\u0173 id\u0117jas. Pakalb\u0117kime apie tai.<\/p>\n\n\n\n<div class=\"wp-container-11 wp-block-buttons\">\n<div class=\"wp-block-button is-style-outline\"><a class=\"wp-block-button__link\" href=\"http:\/\/itbrainbox.lt\/?page_id=141\">Kreipkit\u0117s \u012f mus!<\/a><\/div>\n<\/div>\n<\/div><\/div>\n<\/div><\/div>\n<\/div><\/div>\n\n\n\n<div class=\"inherit-container-width wp-container-17 wp-block-group alignfull has-background\" style=\"background-color:#006ba1\"><div class=\"wp-block-group__inner-container\">\n<div class=\"wp-container-16 wp-block-columns are-vertically-aligned-center\">\n<div class=\"wp-container-14 wp-block-column is-vertically-aligned-center\">\n<h2 class=\"has-white-color has-text-color\">Kurkime klestint\u012f versl\u0105 kartu<\/h2>\n<\/div>\n\n\n\n<div class=\"wp-container-15 wp-block-column is-vertically-aligned-center\">\n<p class=\"has-ast-global-color-5-color has-text-color\">Kai dirbate su mumis, J\u016bs nesate savo versle vienas. Mes palaikome Jus ir stengiam\u0117s, kad prisid\u0117tume prie visos J\u016bs\u0173 komandos ir organizacijos augimo. <\/p>\n<\/div>\n<\/div>\n<\/div><\/div>\n\n\n\n<div class=\"inherit-container-width wp-container-25 wp-block-group alignfull has-ast-global-color-5-background-color has-background\"><div class=\"wp-block-group__inner-container\">\n<div class=\"wp-container-20 wp-block-columns\">\n<div class=\"wp-container-18 wp-block-column\">\n<h2>Motyvuota komanda su naujovi\u0161komis id\u0117jomis<\/h2>\n<\/div>\n\n\n\n<div class=\"wp-container-19 wp-block-column is-vertically-aligned-center\">\n<p>Mums patinka tai, k\u0105 darome, tod\u0117l randame geriausius \u012fmanomus sprendimus, pad\u0117sian\u010dius J\u016bs\u0173 firmos proces\u0173 valdymui. Esame J\u016bs\u0173 patikimi partneriai, kuriais galite pasikliauti.<a href=\"http:\/\/itbrainbox.lt\/wp-content\/uploads\/2021\/05\/gallery-1.jpg\"><\/a><\/p>\n<\/div>\n<\/div>\n\n\n\n<div class=\"wp-container-24 wp-block-columns\">\n<div class=\"wp-container-21 wp-block-column\">\n<figure class=\"wp-block-image size-large\"><img loading=\"lazy\" width=\"1024\" height=\"574\" src=\"http:\/\/itbrainbox.lt\/wp-content\/uploads\/2022\/08\/2022-06-10_18h05_47-1024x574.png\" alt=\"\" class=\"wp-image-475\" srcset=\"https:\/\/itbrainbox.lt\/wp-content\/uploads\/2022\/08\/2022-06-10_18h05_47-1024x574.png 1024w, https:\/\/itbrainbox.lt\/wp-content\/uploads\/2022\/08\/2022-06-10_18h05_47-300x168.png 300w, https:\/\/itbrainbox.lt\/wp-content\/uploads\/2022\/08\/2022-06-10_18h05_47-768x431.png 768w, https:\/\/itbrainbox.lt\/wp-content\/uploads\/2022\/08\/2022-06-10_18h05_47-1536x861.png 1536w, https:\/\/itbrainbox.lt\/wp-content\/uploads\/2022\/08\/2022-06-10_18h05_47.png 1734w\" sizes=\"(max-width: 1024px) 100vw, 1024px\" \/><\/figure>\n<\/div>\n\n\n\n<div class=\"wp-container-22 wp-block-column\">\n<figure class=\"wp-block-image size-large\"><img loading=\"lazy\" width=\"1024\" height=\"555\" src=\"http:\/\/itbrainbox.lt\/wp-content\/uploads\/2022\/08\/2022-08-01_09h52_18-1024x555.png\" alt=\"\" class=\"wp-image-476\" srcset=\"https:\/\/itbrainbox.lt\/wp-content\/uploads\/2022\/08\/2022-08-01_09h52_18-1024x555.png 1024w, https:\/\/itbrainbox.lt\/wp-content\/uploads\/2022\/08\/2022-08-01_09h52_18-300x163.png 300w, https:\/\/itbrainbox.lt\/wp-content\/uploads\/2022\/08\/2022-08-01_09h52_18-768x416.png 768w, https:\/\/itbrainbox.lt\/wp-content\/uploads\/2022\/08\/2022-08-01_09h52_18-1536x832.png 1536w, https:\/\/itbrainbox.lt\/wp-content\/uploads\/2022\/08\/2022-08-01_09h52_18.png 1920w\" sizes=\"(max-width: 1024px) 100vw, 1024px\" \/><\/figure>\n<\/div>\n\n\n\n<div class=\"wp-container-23 wp-block-column\">\n<figure class=\"wp-block-image size-large\"><img loading=\"lazy\" width=\"1024\" height=\"555\" src=\"http:\/\/itbrainbox.lt\/wp-content\/uploads\/2022\/08\/2022-08-01_10h09_15-1024x555.png\" alt=\"\" class=\"wp-image-479\" srcset=\"https:\/\/itbrainbox.lt\/wp-content\/uploads\/2022\/08\/2022-08-01_10h09_15-1024x555.png 1024w, https:\/\/itbrainbox.lt\/wp-content\/uploads\/2022\/08\/2022-08-01_10h09_15-300x163.png 300w, https:\/\/itbrainbox.lt\/wp-content\/uploads\/2022\/08\/2022-08-01_10h09_15-768x416.png 768w, https:\/\/itbrainbox.lt\/wp-content\/uploads\/2022\/08\/2022-08-01_10h09_15-1536x832.png 1536w, https:\/\/itbrainbox.lt\/wp-content\/uploads\/2022\/08\/2022-08-01_10h09_15.png 1920w\" sizes=\"(max-width: 1024px) 100vw, 1024px\" \/><\/figure>\n<\/div>\n<\/div>\n<\/div><\/div>\n","protected":false},"excerpt":{"rendered":"<p>M\u016bs\u0173 veiklos sritys SCADA ir PLC programavimas \u012evairus spektras naudojam\u0173 SCADA sistem\u0173 ir PLC programavimo platform\u0173. Duomen\u0173 perdavimas Pasi\u016blysime sprendim\u0105 duomen\u0173 nuskaitymui i\u0161 \u012fv. \u012frangos ir perdavimui \u012f J\u016bs\u0173 tinkl\u0105 ar Cloud. Mobili\u0173 aplikacij\u0173 k\u016brimas Gal\u0117site steb\u0117ti savo \u012fmon\u0117s valdomo ar kuriamo proceso b\u016bsen\u0105 savo telefone arba plan\u0161et\u0117je. Apie mus M\u016bs\u0173 komandos nariai ir partmeriai &hellip;<\/p>\n<p class=\"read-more\"> <a class=\"\" href=\"https:\/\/itbrainbox.lt\/\"> <span class=\"screen-reader-text\">IT BrainBox<\/span> Read More &raquo;<\/a><\/p>\n","protected":false},"author":1,"featured_media":0,"parent":0,"menu_order":0,"comment_status":"closed","ping_status":"closed","template":"","meta":{"om_disable_all_campaigns":false,"_monsterinsights_skip_tracking":false,"_monsterinsights_sitenote_active":false,"_monsterinsights_sitenote_note":"","_monsterinsights_sitenote_category":0,"site-sidebar-layout":"no-sidebar","site-content-layout":"plain-container","ast-global-header-display":"","ast-main-header-display":"","ast-hfb-above-header-display":"","ast-hfb-below-header-display":"","ast-hfb-mobile-header-display":"","site-post-title":"disabled","ast-breadcrumbs-content":"","ast-featured-img":"disabled","footer-sml-layout":"","theme-transparent-header-meta":"enabled","adv-header-id-meta":"","stick-header-meta":"","header-above-stick-meta":"","header-main-stick-meta":"","header-below-stick-meta":""},"_links":{"self":[{"href":"https:\/\/itbrainbox.lt\/index.php?rest_route=\/wp\/v2\/pages\/135"}],"collection":[{"href":"https:\/\/itbrainbox.lt\/index.php?rest_route=\/wp\/v2\/pages"}],"about":[{"href":"https:\/\/itbrainbox.lt\/index.php?rest_route=\/wp\/v2\/types\/page"}],"author":[{"embeddable":true,"href":"https:\/\/itbrainbox.lt\/index.php?rest_route=\/wp\/v2\/users\/1"}],"replies":[{"embeddable":true,"href":"https:\/\/itbrainbox.lt\/index.php?rest_route=%2Fwp%2Fv2%2Fcomments&post=135"}],"version-history":[{"count":41,"href":"https:\/\/itbrainbox.lt\/index.php?rest_route=\/wp\/v2\/pages\/135\/revisions"}],"predecessor-version":[{"id":639,"href":"https:\/\/itbrainbox.lt\/index.php?rest_route=\/wp\/v2\/pages\/135\/revisions\/639"}],"wp:attachment":[{"href":"https:\/\/itbrainbox.lt\/index.php?rest_route=%2Fwp%2Fv2%2Fmedia&parent=135"}],"curies":[{"name":"wp","href":"https:\/\/api.w.org\/{rel}","templated":true}]}}